{"id":1352,"date":"2016-03-17T15:53:16","date_gmt":"2016-03-17T15:53:16","guid":{"rendered":"http:\/\/multiviaserver.com\/dumaco\/4-\/tmp\/?page_id=1352"},"modified":"2016-04-13T23:46:15","modified_gmt":"2016-04-13T23:46:15","slug":"politicas-de-seguridad","status":"publish","type":"page","link":"https:\/\/www.alwahotel.com\/fr\/politicas-de-seguridad\/","title":{"rendered":"Pol\u00edticas de Seguridad"},"content":{"rendered":"<p><\/p>\n<h4><span id=\"result_box\" class=\"short_text\" lang=\"fr\" tabindex=\"-1\"><span class=\"\">PROTECTION DES DONN\u00c9ES<\/span> ALWA BOUTIQUE H\u00d4TEL<\/span><\/h4>\n<p style=\"text-align: justify;\"><span id=\"result_box\" class=\"\" lang=\"fr\" tabindex=\"-1\">Nous vous remercions de votre confiance en nous et nous sommes engag\u00e9s \u00e0 ce que les renseignements personnels qui nous sont confi\u00e9s seront prot\u00e9g\u00e9s dans la mesure du possible. Les informations <span class=\"\">personnelles que vous fournissez<\/span> seront trait\u00e9es en conformit\u00e9 avec toutes <span class=\"\">les dispositions du pr\u00e9sent<\/span> avis de confidentialit\u00e9.<\/span><\/p>\n<p style=\"text-align: justify;\"><span id=\"result_box\" class=\"\" lang=\"fr\" tabindex=\"-1\">Alwa H\u00f4tel Boutique est responsable des renseignements personnels qu&rsquo;elle recueille elle-m\u00eame d\u00e9crit ci-dessous, en ce qui concerne le droit \u00e0 la vie priv\u00e9e et d&rsquo;information auto-d\u00e9termination des peuples.<\/span><\/p>\n<p style=\"text-align: justify;\"><span id=\"result_box\" class=\"\" lang=\"fr\" tabindex=\"-1\">Alwa H\u00f4tel Boutique recueille et traite les donn\u00e9es personnelles suivantes l\u00e9galement:<\/span><br \/>\n<span id=\"result_box\" class=\"\" lang=\"fr\" tabindex=\"-1\">Nom, adresse, t\u00e9l\u00e9phone, email, photo, informations de carte de cr\u00e9dit, date de naissance et l&rsquo;\u00e9tat matrimonial, ainsi que les go\u00fbts et les pr\u00e9f\u00e9rences.<\/span><\/p>\n<p style=\"text-align: justify;\"><span id=\"result_box\" class=\"\" lang=\"fr\" tabindex=\"-1\">Tant que vous ne manifestez aucune objection au moment o\u00f9 vous nous fournissez vos donn\u00e9es personnelles directement ou exprimer leur opposition subs\u00e9quente dans nos milieux d\u00e9crits <span class=\"\">dans la section pr\u00e9c\u00e9dente<\/span>, envoyez simplement par \u00e9crit sans qu&rsquo;il souhaite revocarnos \u00e0 tout moment votre consentement. Pour exprimer leur opposition, leurs donn\u00e9es seront supprim\u00e9es de notre base de donn\u00e9es.<\/span><\/p>\n<p><\/p>","protected":false},"excerpt":{"rendered":"<p>PROTECTION DES DONN\u00c9ES ALWA BOUTIQUE H\u00d4TEL Nous vous remercions de votre confiance en nous et nous sommes engag\u00e9s \u00e0 ce que les renseignements personnels qui nous sont confi\u00e9s seront prot\u00e9g\u00e9s dans la mesure du possible. Les informations personnelles que vous fournissez seront trait\u00e9es en conformit\u00e9 avec toutes les dispositions du pr\u00e9sent avis de confidentialit\u00e9. Alwa [&hellip;]<\/p>\n","protected":false},"author":1,"featured_media":0,"parent":0,"menu_order":0,"comment_status":"closed","ping_status":"closed","template":"","meta":{"_acf_changed":false,"footnotes":""},"class_list":["post-1352","page","type-page","status-publish","hentry"],"acf":[],"yoast_head":"<!-- This site is optimized with the Yoast SEO plugin v27.5 - https:\/\/yoast.com\/product\/yoast-seo-wordpress\/ -->\n<title>Pol\u00edticas de Seguridad - Hotel en Arequipa con la mejor vista a la campi\u00f1a. Disfruta de uno de los mejores hoteles de Arequipa Per\u00fa.<\/title>\n<meta name=\"robots\" content=\"index, follow, max-snippet:-1, max-image-preview:large, max-video-preview:-1\" \/>\n<link rel=\"canonical\" href=\"https:\/\/www.alwahotel.com\/en\/politicas-de-seguridad\/\" \/>\n<meta property=\"og:locale\" content=\"fr_FR\" \/>\n<meta property=\"og:type\" content=\"article\" \/>\n<meta property=\"og:title\" content=\"Pol\u00edticas de Seguridad - Hotel en Arequipa con la mejor vista a la campi\u00f1a. Disfruta de uno de los mejores hoteles de Arequipa Per\u00fa.\" \/>\n<meta property=\"og:description\" content=\"PROTECTION DES DONN\u00c9ES ALWA BOUTIQUE H\u00d4TEL Nous vous remercions de votre confiance en nous et nous sommes engag\u00e9s \u00e0 ce que les renseignements personnels qui nous sont confi\u00e9s seront prot\u00e9g\u00e9s dans la mesure du possible. Les informations personnelles que vous fournissez seront trait\u00e9es en conformit\u00e9 avec toutes les dispositions du pr\u00e9sent avis de confidentialit\u00e9. Alwa [&hellip;]\" \/>\n<meta property=\"og:url\" content=\"https:\/\/www.alwahotel.com\/en\/politicas-de-seguridad\/\" \/>\n<meta property=\"og:site_name\" content=\"Hotel en Arequipa con la mejor vista a la campi\u00f1a. Disfruta de uno de los mejores hoteles de Arequipa Per\u00fa.\" \/>\n<meta property=\"article:publisher\" content=\"https:\/\/www.facebook.com\/alwahotel\/\" \/>\n<meta property=\"article:modified_time\" content=\"2016-04-13T23:46:15+00:00\" \/>\n<meta name=\"twitter:card\" content=\"summary_large_image\" \/>\n<meta name=\"twitter:label1\" content=\"Dur\u00e9e de lecture estim\u00e9e\" \/>\n\t<meta name=\"twitter:data1\" content=\"3 minutes\" \/>\n<script type=\"application\/ld+json\" class=\"yoast-schema-graph\">{\"@context\":\"https:\\\/\\\/schema.org\",\"@graph\":[{\"@type\":\"WebPage\",\"@id\":\"https:\\\/\\\/www.alwahotel.com\\\/en\\\/politicas-de-seguridad\\\/\",\"url\":\"https:\\\/\\\/www.alwahotel.com\\\/en\\\/politicas-de-seguridad\\\/\",\"name\":\"Pol\u00edticas de Seguridad - Hotel en Arequipa con la mejor vista a la campi\u00f1a. Disfruta de uno de los mejores hoteles de Arequipa Per\u00fa.\",\"isPartOf\":{\"@id\":\"https:\\\/\\\/www.alwahotel.com\\\/#website\"},\"datePublished\":\"2016-03-17T15:53:16+00:00\",\"dateModified\":\"2016-04-13T23:46:15+00:00\",\"breadcrumb\":{\"@id\":\"https:\\\/\\\/www.alwahotel.com\\\/en\\\/politicas-de-seguridad\\\/#breadcrumb\"},\"inLanguage\":\"fr-FR\",\"potentialAction\":[{\"@type\":\"ReadAction\",\"target\":[\"https:\\\/\\\/www.alwahotel.com\\\/en\\\/politicas-de-seguridad\\\/\"]}]},{\"@type\":\"BreadcrumbList\",\"@id\":\"https:\\\/\\\/www.alwahotel.com\\\/en\\\/politicas-de-seguridad\\\/#breadcrumb\",\"itemListElement\":[{\"@type\":\"ListItem\",\"position\":1,\"name\":\"Portada\",\"item\":\"https:\\\/\\\/www.alwahotel.com\\\/en\\\/\"},{\"@type\":\"ListItem\",\"position\":2,\"name\":\"Pol\u00edticas de Seguridad\"}]},{\"@type\":\"WebSite\",\"@id\":\"https:\\\/\\\/www.alwahotel.com\\\/#website\",\"url\":\"https:\\\/\\\/www.alwahotel.com\\\/\",\"name\":\"Hotel en Arequipa con la mejor vista a la campi\u00f1a. Disfruta de uno de los mejores hoteles de Arequipa Per\u00fa.\",\"description\":\"Alwa\",\"publisher\":{\"@id\":\"https:\\\/\\\/www.alwahotel.com\\\/#organization\"},\"potentialAction\":[{\"@type\":\"SearchAction\",\"target\":{\"@type\":\"EntryPoint\",\"urlTemplate\":\"https:\\\/\\\/www.alwahotel.com\\\/?s={search_term_string}\"},\"query-input\":{\"@type\":\"PropertyValueSpecification\",\"valueRequired\":true,\"valueName\":\"search_term_string\"}}],\"inLanguage\":\"fr-FR\"},{\"@type\":\"Organization\",\"@id\":\"https:\\\/\\\/www.alwahotel.com\\\/#organization\",\"name\":\"alwa hotel - hotel en Arequipa Per\u00fa\",\"url\":\"https:\\\/\\\/www.alwahotel.com\\\/\",\"logo\":{\"@type\":\"ImageObject\",\"inLanguage\":\"fr-FR\",\"@id\":\"https:\\\/\\\/www.alwahotel.com\\\/#\\\/schema\\\/logo\\\/image\\\/\",\"url\":\"https:\\\/\\\/www.alwahotel.com\\\/wp-content\\\/uploads\\\/2017\\\/11\\\/logoAlwa.jpg\",\"contentUrl\":\"https:\\\/\\\/www.alwahotel.com\\\/wp-content\\\/uploads\\\/2017\\\/11\\\/logoAlwa.jpg\",\"width\":302,\"height\":154,\"caption\":\"alwa hotel - hotel en Arequipa Per\u00fa\"},\"image\":{\"@id\":\"https:\\\/\\\/www.alwahotel.com\\\/#\\\/schema\\\/logo\\\/image\\\/\"},\"sameAs\":[\"https:\\\/\\\/www.facebook.com\\\/alwahotel\\\/\"]}]}<\/script>\n<!-- \/ Yoast SEO plugin. -->","yoast_head_json":{"title":"Pol\u00edticas de Seguridad - Hotel en Arequipa con la mejor vista a la campi\u00f1a. Disfruta de uno de los mejores hoteles de Arequipa Per\u00fa.","robots":{"index":"index","follow":"follow","max-snippet":"max-snippet:-1","max-image-preview":"max-image-preview:large","max-video-preview":"max-video-preview:-1"},"canonical":"https:\/\/www.alwahotel.com\/en\/politicas-de-seguridad\/","og_locale":"fr_FR","og_type":"article","og_title":"Pol\u00edticas de Seguridad - Hotel en Arequipa con la mejor vista a la campi\u00f1a. Disfruta de uno de los mejores hoteles de Arequipa Per\u00fa.","og_description":"PROTECTION DES DONN\u00c9ES ALWA BOUTIQUE H\u00d4TEL Nous vous remercions de votre confiance en nous et nous sommes engag\u00e9s \u00e0 ce que les renseignements personnels qui nous sont confi\u00e9s seront prot\u00e9g\u00e9s dans la mesure du possible. Les informations personnelles que vous fournissez seront trait\u00e9es en conformit\u00e9 avec toutes les dispositions du pr\u00e9sent avis de confidentialit\u00e9. Alwa [&hellip;]","og_url":"https:\/\/www.alwahotel.com\/en\/politicas-de-seguridad\/","og_site_name":"Hotel en Arequipa con la mejor vista a la campi\u00f1a. Disfruta de uno de los mejores hoteles de Arequipa Per\u00fa.","article_publisher":"https:\/\/www.facebook.com\/alwahotel\/","article_modified_time":"2016-04-13T23:46:15+00:00","twitter_card":"summary_large_image","twitter_misc":{"Dur\u00e9e de lecture estim\u00e9e":"3 minutes"},"schema":{"@context":"https:\/\/schema.org","@graph":[{"@type":"WebPage","@id":"https:\/\/www.alwahotel.com\/en\/politicas-de-seguridad\/","url":"https:\/\/www.alwahotel.com\/en\/politicas-de-seguridad\/","name":"Pol\u00edticas de Seguridad - Hotel en Arequipa con la mejor vista a la campi\u00f1a. Disfruta de uno de los mejores hoteles de Arequipa Per\u00fa.","isPartOf":{"@id":"https:\/\/www.alwahotel.com\/#website"},"datePublished":"2016-03-17T15:53:16+00:00","dateModified":"2016-04-13T23:46:15+00:00","breadcrumb":{"@id":"https:\/\/www.alwahotel.com\/en\/politicas-de-seguridad\/#breadcrumb"},"inLanguage":"fr-FR","potentialAction":[{"@type":"ReadAction","target":["https:\/\/www.alwahotel.com\/en\/politicas-de-seguridad\/"]}]},{"@type":"BreadcrumbList","@id":"https:\/\/www.alwahotel.com\/en\/politicas-de-seguridad\/#breadcrumb","itemListElement":[{"@type":"ListItem","position":1,"name":"Portada","item":"https:\/\/www.alwahotel.com\/en\/"},{"@type":"ListItem","position":2,"name":"Pol\u00edticas de Seguridad"}]},{"@type":"WebSite","@id":"https:\/\/www.alwahotel.com\/#website","url":"https:\/\/www.alwahotel.com\/","name":"Hotel en Arequipa con la mejor vista a la campi\u00f1a. Disfruta de uno de los mejores hoteles de Arequipa Per\u00fa.","description":"Alwa","publisher":{"@id":"https:\/\/www.alwahotel.com\/#organization"},"potentialAction":[{"@type":"SearchAction","target":{"@type":"EntryPoint","urlTemplate":"https:\/\/www.alwahotel.com\/?s={search_term_string}"},"query-input":{"@type":"PropertyValueSpecification","valueRequired":true,"valueName":"search_term_string"}}],"inLanguage":"fr-FR"},{"@type":"Organization","@id":"https:\/\/www.alwahotel.com\/#organization","name":"alwa hotel - hotel en Arequipa Per\u00fa","url":"https:\/\/www.alwahotel.com\/","logo":{"@type":"ImageObject","inLanguage":"fr-FR","@id":"https:\/\/www.alwahotel.com\/#\/schema\/logo\/image\/","url":"https:\/\/www.alwahotel.com\/wp-content\/uploads\/2017\/11\/logoAlwa.jpg","contentUrl":"https:\/\/www.alwahotel.com\/wp-content\/uploads\/2017\/11\/logoAlwa.jpg","width":302,"height":154,"caption":"alwa hotel - hotel en Arequipa Per\u00fa"},"image":{"@id":"https:\/\/www.alwahotel.com\/#\/schema\/logo\/image\/"},"sameAs":["https:\/\/www.facebook.com\/alwahotel\/"]}]}},"_links":{"self":[{"href":"https:\/\/www.alwahotel.com\/fr\/wp-json\/wp\/v2\/pages\/1352","targetHints":{"allow":["GET"]}}],"collection":[{"href":"https:\/\/www.alwahotel.com\/fr\/wp-json\/wp\/v2\/pages"}],"about":[{"href":"https:\/\/www.alwahotel.com\/fr\/wp-json\/wp\/v2\/types\/page"}],"author":[{"embeddable":true,"href":"https:\/\/www.alwahotel.com\/fr\/wp-json\/wp\/v2\/users\/1"}],"replies":[{"embeddable":true,"href":"https:\/\/www.alwahotel.com\/fr\/wp-json\/wp\/v2\/comments?post=1352"}],"version-history":[{"count":3,"href":"https:\/\/www.alwahotel.com\/fr\/wp-json\/wp\/v2\/pages\/1352\/revisions"}],"predecessor-version":[{"id":1502,"href":"https:\/\/www.alwahotel.com\/fr\/wp-json\/wp\/v2\/pages\/1352\/revisions\/1502"}],"wp:attachment":[{"href":"https:\/\/www.alwahotel.com\/fr\/wp-json\/wp\/v2\/media?parent=1352"}],"curies":[{"name":"wp","href":"https:\/\/api.w.org\/{rel}","templated":true}]}}