{"id":973,"date":"2016-01-27T22:43:12","date_gmt":"2016-01-27T22:43:12","guid":{"rendered":"http:\/\/multiviaserver.com\/dumaco\/4-\/tmp\/?page_id=973"},"modified":"2017-05-10T18:01:13","modified_gmt":"2017-05-10T18:01:13","slug":"el-hotel-classic","status":"publish","type":"page","link":"https:\/\/www.alwahotel.com\/fr\/el-hotel-classic\/","title":{"rendered":"L\u2019H\u00f4tel"},"content":{"rendered":"<p><\/p>\n<h2><img decoding=\"async\" class=\"alignnone wp-image-869 size-full lazyload\" data-src=\"https:\/\/www.alwahotel.com\/wp-content\/uploads\/2015\/12\/elhotel-1.jpg\" alt=\"\" width=\"1080\" height=\"420\" data-srcset=\"https:\/\/www.alwahotel.com\/wp-content\/uploads\/2015\/12\/elhotel-1.jpg 1080w, https:\/\/www.alwahotel.com\/wp-content\/uploads\/2015\/12\/elhotel-1-600x233.jpg 600w, https:\/\/www.alwahotel.com\/wp-content\/uploads\/2015\/12\/elhotel-1-300x117.jpg 300w, https:\/\/www.alwahotel.com\/wp-content\/uploads\/2015\/12\/elhotel-1-768x299.jpg 768w, https:\/\/www.alwahotel.com\/wp-content\/uploads\/2015\/12\/elhotel-1-1024x398.jpg 1024w, https:\/\/www.alwahotel.com\/wp-content\/uploads\/2015\/12\/elhotel-1-3x1.jpg 3w\" data-sizes=\"(max-width: 1080px) 100vw, 1080px\" src=\"data:image\/svg+xml;base64,PHN2ZyB3aWR0aD0iMSIgaGVpZ2h0PSIxIiB4bWxucz0iaHR0cDovL3d3dy53My5vcmcvMjAwMC9zdmciPjwvc3ZnPg==\" style=\"--smush-placeholder-width: 1080px; --smush-placeholder-aspect-ratio: 1080\/420;\" \/><\/h2>\n<h2>Alwa Hotel Boutique<\/h2>\n<p style=\"text-align: justify;\">Alwa en idioma aymara significa amanecer, nuevos comienzos&#8230; Significado que inspir\u00f3 a sus promotores para dar inicio a un concepto diferenciado de hospedaje en Arequipa Alwa Hotel Boutique.<\/p>\n<p style=\"text-align: justify;\">Instalado en Arequipa, una de las m\u00e1s bellas ciudades del Per\u00fa, Alwa destaca por la calidez de su atenci\u00f3n, su inigualable ubicaci\u00f3n, el esmerado servicio personalizado, as\u00ed como por el dise\u00f1o y comodidad de sus ambientes que se conjugan con el azul del cielo arequipe\u00f1o y el radiante sol que nos acompa\u00f1a diariamente.<\/p>\n<p style=\"text-align: justify;\">La exquisita y variada gastronom\u00eda del lugar expresada en sus tradicionales picanter\u00edas, el arte plasmado en su arquitectura barroca hecha en piedra de sillar, la pintoresca y colorida campi\u00f1a as\u00ed como la majestuosidad de sus volcanes, que hacen de Arequipa Patrimonio Cultural de la Humanidad, y por cierto de Alwa hotel boutique, un destino al cual no pueden dejar de visitar.<\/p>\n<p><\/p>","protected":false},"excerpt":{"rendered":"<p>Alwa Hotel Boutique Alwa en idioma aymara significa amanecer, nuevos comienzos&#8230; Significado que inspir\u00f3 a sus promotores para dar inicio a un concepto diferenciado de hospedaje en Arequipa Alwa Hotel Boutique. Instalado en Arequipa, una de las m\u00e1s bellas ciudades del Per\u00fa, Alwa destaca por la calidez de su atenci\u00f3n, su inigualable ubicaci\u00f3n, el esmerado [&hellip;]<\/p>\n","protected":false},"author":1,"featured_media":0,"parent":0,"menu_order":0,"comment_status":"closed","ping_status":"closed","template":"","meta":{"_acf_changed":false,"footnotes":""},"class_list":["post-973","page","type-page","status-publish","hentry"],"acf":[],"yoast_head":"<!-- This site is optimized with the Yoast SEO plugin v27.4 - https:\/\/yoast.com\/product\/yoast-seo-wordpress\/ -->\n<title>L\u2019H\u00f4tel - Hotel en Arequipa con la mejor vista a la campi\u00f1a. Disfruta de uno de los mejores hoteles de Arequipa Per\u00fa.<\/title>\n<meta name=\"robots\" content=\"index, follow, max-snippet:-1, max-image-preview:large, max-video-preview:-1\" \/>\n<link rel=\"canonical\" href=\"https:\/\/www.alwahotel.com\/el-hotel-classic\/\" \/>\n<meta property=\"og:locale\" content=\"fr_FR\" \/>\n<meta property=\"og:type\" content=\"article\" \/>\n<meta property=\"og:title\" content=\"[:es]El Hotel Classic[:en]The Hotel[:fr]L\u2019H\u00f4tel[:] - Hotel en Arequipa con la mejor vista a la campi\u00f1a. Disfruta de uno de los mejores hoteles de Arequipa Per\u00fa.\" \/>\n<meta property=\"og:description\" content=\"Alwa Hotel Boutique Alwa en idioma aymara significa amanecer, nuevos comienzos&#8230; Significado que inspir\u00f3 a sus promotores para dar inicio a un concepto diferenciado de hospedaje en Arequipa Alwa Hotel Boutique. Instalado en Arequipa, una de las m\u00e1s bellas ciudades del Per\u00fa, Alwa destaca por la calidez de su atenci\u00f3n, su inigualable ubicaci\u00f3n, el esmerado [&hellip;]\" \/>\n<meta property=\"og:url\" content=\"https:\/\/www.alwahotel.com\/el-hotel-classic\/\" \/>\n<meta property=\"og:site_name\" content=\"Hotel en Arequipa con la mejor vista a la campi\u00f1a. Disfruta de uno de los mejores hoteles de Arequipa Per\u00fa.\" \/>\n<meta property=\"article:publisher\" content=\"https:\/\/www.facebook.com\/alwahotel\/\" \/>\n<meta property=\"article:modified_time\" content=\"2017-05-10T18:01:13+00:00\" \/>\n<meta property=\"og:image\" content=\"https:\/\/www.alwahotel.com\/wp-content\/uploads\/2015\/12\/elhotel-1.jpg\" \/>\n<meta name=\"twitter:card\" content=\"summary_large_image\" \/>\n<meta name=\"twitter:label1\" content=\"Dur\u00e9e de lecture estim\u00e9e\" \/>\n\t<meta name=\"twitter:data1\" content=\"2 minutes\" \/>\n<script type=\"application\/ld+json\" class=\"yoast-schema-graph\">{\"@context\":\"https:\\\/\\\/schema.org\",\"@graph\":[{\"@type\":\"WebPage\",\"@id\":\"https:\\\/\\\/www.alwahotel.com\\\/el-hotel-classic\\\/\",\"url\":\"https:\\\/\\\/www.alwahotel.com\\\/el-hotel-classic\\\/\",\"name\":\"[:es]El Hotel Classic[:en]The Hotel[:fr]L\u2019H\u00f4tel[:] - Hotel en Arequipa con la mejor vista a la campi\u00f1a. Disfruta de uno de los mejores hoteles de Arequipa Per\u00fa.\",\"isPartOf\":{\"@id\":\"https:\\\/\\\/www.alwahotel.com\\\/#website\"},\"primaryImageOfPage\":{\"@id\":\"https:\\\/\\\/www.alwahotel.com\\\/el-hotel-classic\\\/#primaryimage\"},\"image\":{\"@id\":\"https:\\\/\\\/www.alwahotel.com\\\/el-hotel-classic\\\/#primaryimage\"},\"thumbnailUrl\":\"https:\\\/\\\/www.alwahotel.com\\\/wp-content\\\/uploads\\\/2015\\\/12\\\/elhotel-1.jpg\",\"datePublished\":\"2016-01-27T22:43:12+00:00\",\"dateModified\":\"2017-05-10T18:01:13+00:00\",\"breadcrumb\":{\"@id\":\"https:\\\/\\\/www.alwahotel.com\\\/el-hotel-classic\\\/#breadcrumb\"},\"inLanguage\":\"fr-FR\",\"potentialAction\":[{\"@type\":\"ReadAction\",\"target\":[\"https:\\\/\\\/www.alwahotel.com\\\/el-hotel-classic\\\/\"]}]},{\"@type\":\"ImageObject\",\"inLanguage\":\"fr-FR\",\"@id\":\"https:\\\/\\\/www.alwahotel.com\\\/el-hotel-classic\\\/#primaryimage\",\"url\":\"https:\\\/\\\/www.alwahotel.com\\\/wp-content\\\/uploads\\\/2015\\\/12\\\/elhotel-1.jpg\",\"contentUrl\":\"https:\\\/\\\/www.alwahotel.com\\\/wp-content\\\/uploads\\\/2015\\\/12\\\/elhotel-1.jpg\"},{\"@type\":\"BreadcrumbList\",\"@id\":\"https:\\\/\\\/www.alwahotel.com\\\/el-hotel-classic\\\/#breadcrumb\",\"itemListElement\":[{\"@type\":\"ListItem\",\"position\":1,\"name\":\"Portada\",\"item\":\"https:\\\/\\\/www.alwahotel.com\\\/en\\\/\"},{\"@type\":\"ListItem\",\"position\":2,\"name\":\"El Hotel Classic\"}]},{\"@type\":\"WebSite\",\"@id\":\"https:\\\/\\\/www.alwahotel.com\\\/#website\",\"url\":\"https:\\\/\\\/www.alwahotel.com\\\/\",\"name\":\"Hotel en Arequipa con la mejor vista a la campi\u00f1a. Disfruta de uno de los mejores hoteles de Arequipa Per\u00fa.\",\"description\":\"Alwa\",\"publisher\":{\"@id\":\"https:\\\/\\\/www.alwahotel.com\\\/#organization\"},\"potentialAction\":[{\"@type\":\"SearchAction\",\"target\":{\"@type\":\"EntryPoint\",\"urlTemplate\":\"https:\\\/\\\/www.alwahotel.com\\\/?s={search_term_string}\"},\"query-input\":{\"@type\":\"PropertyValueSpecification\",\"valueRequired\":true,\"valueName\":\"search_term_string\"}}],\"inLanguage\":\"fr-FR\"},{\"@type\":\"Organization\",\"@id\":\"https:\\\/\\\/www.alwahotel.com\\\/#organization\",\"name\":\"alwa hotel - hotel en Arequipa Per\u00fa\",\"url\":\"https:\\\/\\\/www.alwahotel.com\\\/\",\"logo\":{\"@type\":\"ImageObject\",\"inLanguage\":\"fr-FR\",\"@id\":\"https:\\\/\\\/www.alwahotel.com\\\/#\\\/schema\\\/logo\\\/image\\\/\",\"url\":\"https:\\\/\\\/www.alwahotel.com\\\/wp-content\\\/uploads\\\/2017\\\/11\\\/logoAlwa.jpg\",\"contentUrl\":\"https:\\\/\\\/www.alwahotel.com\\\/wp-content\\\/uploads\\\/2017\\\/11\\\/logoAlwa.jpg\",\"width\":302,\"height\":154,\"caption\":\"alwa hotel - hotel en Arequipa Per\u00fa\"},\"image\":{\"@id\":\"https:\\\/\\\/www.alwahotel.com\\\/#\\\/schema\\\/logo\\\/image\\\/\"},\"sameAs\":[\"https:\\\/\\\/www.facebook.com\\\/alwahotel\\\/\"]}]}<\/script>\n<!-- \/ Yoast SEO plugin. -->","yoast_head_json":{"title":"[:es]El Hotel Classic[:en]The Hotel[:fr]L\u2019H\u00f4tel[:] - Hotel en Arequipa con la mejor vista a la campi\u00f1a. Disfruta de uno de los mejores hoteles de Arequipa Per\u00fa.","robots":{"index":"index","follow":"follow","max-snippet":"max-snippet:-1","max-image-preview":"max-image-preview:large","max-video-preview":"max-video-preview:-1"},"canonical":"https:\/\/www.alwahotel.com\/el-hotel-classic\/","og_locale":"fr_FR","og_type":"article","og_title":"[:es]El Hotel Classic[:en]The Hotel[:fr]L\u2019H\u00f4tel[:] - Hotel en Arequipa con la mejor vista a la campi\u00f1a. Disfruta de uno de los mejores hoteles de Arequipa Per\u00fa.","og_description":"Alwa Hotel Boutique Alwa en idioma aymara significa amanecer, nuevos comienzos&#8230; Significado que inspir\u00f3 a sus promotores para dar inicio a un concepto diferenciado de hospedaje en Arequipa Alwa Hotel Boutique. Instalado en Arequipa, una de las m\u00e1s bellas ciudades del Per\u00fa, Alwa destaca por la calidez de su atenci\u00f3n, su inigualable ubicaci\u00f3n, el esmerado [&hellip;]","og_url":"https:\/\/www.alwahotel.com\/el-hotel-classic\/","og_site_name":"Hotel en Arequipa con la mejor vista a la campi\u00f1a. Disfruta de uno de los mejores hoteles de Arequipa Per\u00fa.","article_publisher":"https:\/\/www.facebook.com\/alwahotel\/","article_modified_time":"2017-05-10T18:01:13+00:00","og_image":[{"url":"https:\/\/www.alwahotel.com\/wp-content\/uploads\/2015\/12\/elhotel-1.jpg","type":"","width":"","height":""}],"twitter_card":"summary_large_image","twitter_misc":{"Dur\u00e9e de lecture estim\u00e9e":"2 minutes"},"schema":{"@context":"https:\/\/schema.org","@graph":[{"@type":"WebPage","@id":"https:\/\/www.alwahotel.com\/el-hotel-classic\/","url":"https:\/\/www.alwahotel.com\/el-hotel-classic\/","name":"[:es]El Hotel Classic[:en]The Hotel[:fr]L\u2019H\u00f4tel[:] - Hotel en Arequipa con la mejor vista a la campi\u00f1a. Disfruta de uno de los mejores hoteles de Arequipa Per\u00fa.","isPartOf":{"@id":"https:\/\/www.alwahotel.com\/#website"},"primaryImageOfPage":{"@id":"https:\/\/www.alwahotel.com\/el-hotel-classic\/#primaryimage"},"image":{"@id":"https:\/\/www.alwahotel.com\/el-hotel-classic\/#primaryimage"},"thumbnailUrl":"https:\/\/www.alwahotel.com\/wp-content\/uploads\/2015\/12\/elhotel-1.jpg","datePublished":"2016-01-27T22:43:12+00:00","dateModified":"2017-05-10T18:01:13+00:00","breadcrumb":{"@id":"https:\/\/www.alwahotel.com\/el-hotel-classic\/#breadcrumb"},"inLanguage":"fr-FR","potentialAction":[{"@type":"ReadAction","target":["https:\/\/www.alwahotel.com\/el-hotel-classic\/"]}]},{"@type":"ImageObject","inLanguage":"fr-FR","@id":"https:\/\/www.alwahotel.com\/el-hotel-classic\/#primaryimage","url":"https:\/\/www.alwahotel.com\/wp-content\/uploads\/2015\/12\/elhotel-1.jpg","contentUrl":"https:\/\/www.alwahotel.com\/wp-content\/uploads\/2015\/12\/elhotel-1.jpg"},{"@type":"BreadcrumbList","@id":"https:\/\/www.alwahotel.com\/el-hotel-classic\/#breadcrumb","itemListElement":[{"@type":"ListItem","position":1,"name":"Portada","item":"https:\/\/www.alwahotel.com\/en\/"},{"@type":"ListItem","position":2,"name":"El Hotel Classic"}]},{"@type":"WebSite","@id":"https:\/\/www.alwahotel.com\/#website","url":"https:\/\/www.alwahotel.com\/","name":"Hotel en Arequipa con la mejor vista a la campi\u00f1a. Disfruta de uno de los mejores hoteles de Arequipa Per\u00fa.","description":"Alwa","publisher":{"@id":"https:\/\/www.alwahotel.com\/#organization"},"potentialAction":[{"@type":"SearchAction","target":{"@type":"EntryPoint","urlTemplate":"https:\/\/www.alwahotel.com\/?s={search_term_string}"},"query-input":{"@type":"PropertyValueSpecification","valueRequired":true,"valueName":"search_term_string"}}],"inLanguage":"fr-FR"},{"@type":"Organization","@id":"https:\/\/www.alwahotel.com\/#organization","name":"alwa hotel - hotel en Arequipa Per\u00fa","url":"https:\/\/www.alwahotel.com\/","logo":{"@type":"ImageObject","inLanguage":"fr-FR","@id":"https:\/\/www.alwahotel.com\/#\/schema\/logo\/image\/","url":"https:\/\/www.alwahotel.com\/wp-content\/uploads\/2017\/11\/logoAlwa.jpg","contentUrl":"https:\/\/www.alwahotel.com\/wp-content\/uploads\/2017\/11\/logoAlwa.jpg","width":302,"height":154,"caption":"alwa hotel - hotel en Arequipa Per\u00fa"},"image":{"@id":"https:\/\/www.alwahotel.com\/#\/schema\/logo\/image\/"},"sameAs":["https:\/\/www.facebook.com\/alwahotel\/"]}]}},"_links":{"self":[{"href":"https:\/\/www.alwahotel.com\/fr\/wp-json\/wp\/v2\/pages\/973","targetHints":{"allow":["GET"]}}],"collection":[{"href":"https:\/\/www.alwahotel.com\/fr\/wp-json\/wp\/v2\/pages"}],"about":[{"href":"https:\/\/www.alwahotel.com\/fr\/wp-json\/wp\/v2\/types\/page"}],"author":[{"embeddable":true,"href":"https:\/\/www.alwahotel.com\/fr\/wp-json\/wp\/v2\/users\/1"}],"replies":[{"embeddable":true,"href":"https:\/\/www.alwahotel.com\/fr\/wp-json\/wp\/v2\/comments?post=973"}],"version-history":[{"count":4,"href":"https:\/\/www.alwahotel.com\/fr\/wp-json\/wp\/v2\/pages\/973\/revisions"}],"predecessor-version":[{"id":2048,"href":"https:\/\/www.alwahotel.com\/fr\/wp-json\/wp\/v2\/pages\/973\/revisions\/2048"}],"wp:attachment":[{"href":"https:\/\/www.alwahotel.com\/fr\/wp-json\/wp\/v2\/media?parent=973"}],"curies":[{"name":"wp","href":"https:\/\/api.w.org\/{rel}","templated":true}]}}