{"id":11132,"date":"2024-07-08T20:58:56","date_gmt":"2024-07-08T20:58:56","guid":{"rendered":"https:\/\/www.alwahotel.com\/?post_type=product&#038;p=11132"},"modified":"2024-07-08T21:52:49","modified_gmt":"2024-07-08T21:52:49","slug":"alwa-standard-promocion-28-julio-arequipa-ciudad-full-day-colca","status":"publish","type":"product","link":"https:\/\/www.alwahotel.com\/fr\/producto\/alwa-standard-promocion-28-julio-arequipa-ciudad-full-day-colca\/","title":{"rendered":"Alwa Standard &#8211; Promoci\u00f3n 28 Julio: Arequipa Ciudad + Full day Colca"},"content":{"rendered":"<p><strong>Disfruta nuestras promociones de 28 de julio!!!<\/strong><\/p>\n<p>Alwa Standard<br \/>\nArequipa Ciudad + Full day Colca<br \/>\n04 d\u00edas \/ 03 noches<br \/>\nHabitaci\u00f3n doble o matrimonial est\u00e1ndar<\/p>\n","protected":false},"excerpt":{"rendered":"<p>Disfruta nuestras promociones de 28 de julio!!! Alwa Standard Arequipa Ciudad + Full day Colca 04 d\u00edas \/ 03 noches Habitaci\u00f3n doble o matrimonial est\u00e1ndar<\/p>\n","protected":false},"featured_media":11130,"template":"","meta":{"_acf_changed":false},"product_brand":[],"product_cat":[128],"product_tag":[],"class_list":{"0":"post-11132","1":"product","2":"type-product","3":"status-publish","4":"has-post-thumbnail","6":"product_cat-sin-categorizar","8":"first","9":"instock","10":"sale","11":"taxable","12":"shipping-taxable","13":"purchasable","14":"product-type-simple"},"acf":[],"yoast_head":"<!-- This site is optimized with the Yoast SEO plugin v27.5 - https:\/\/yoast.com\/product\/yoast-seo-wordpress\/ -->\n<title>Alwa Standard - Promoci\u00f3n 28 Julio: Arequipa Ciudad + Full day Colca - Hotel en Arequipa con la mejor vista a la campi\u00f1a. Disfruta de uno de los mejores hoteles de Arequipa Per\u00fa.<\/title>\n<meta name=\"robots\" content=\"index, follow, max-snippet:-1, max-image-preview:large, max-video-preview:-1\" \/>\n<link rel=\"canonical\" href=\"https:\/\/www.alwahotel.com\/producto\/alwa-standard-promocion-28-julio-arequipa-ciudad-full-day-colca\/\" \/>\n<meta property=\"og:locale\" content=\"fr_FR\" \/>\n<meta property=\"og:type\" content=\"article\" \/>\n<meta property=\"og:title\" content=\"Alwa Standard - Promoci\u00f3n 28 Julio: Arequipa Ciudad + Full day Colca - Hotel en Arequipa con la mejor vista a la campi\u00f1a. Disfruta de uno de los mejores hoteles de Arequipa Per\u00fa.\" \/>\n<meta property=\"og:description\" content=\"Disfruta nuestras promociones de 28 de julio!!! Alwa Standard Arequipa Ciudad + Full day Colca 04 d\u00edas \/ 03 noches Habitaci\u00f3n doble o matrimonial est\u00e1ndar\" \/>\n<meta property=\"og:url\" content=\"https:\/\/www.alwahotel.com\/producto\/alwa-standard-promocion-28-julio-arequipa-ciudad-full-day-colca\/\" \/>\n<meta property=\"og:site_name\" content=\"Hotel en Arequipa con la mejor vista a la campi\u00f1a. Disfruta de uno de los mejores hoteles de Arequipa Per\u00fa.\" \/>\n<meta property=\"article:publisher\" content=\"https:\/\/www.facebook.com\/alwahotel\/\" \/>\n<meta property=\"article:modified_time\" content=\"2024-07-08T21:52:49+00:00\" \/>\n<meta property=\"og:image\" content=\"https:\/\/www.alwahotel.com\/wp-content\/uploads\/2024\/07\/valle-del-colca.jpg\" \/>\n\t<meta property=\"og:image:width\" content=\"1920\" \/>\n\t<meta property=\"og:image:height\" content=\"533\" \/>\n\t<meta property=\"og:image:type\" content=\"image\/jpeg\" \/>\n<meta name=\"twitter:card\" content=\"summary_large_image\" \/>\n<meta name=\"twitter:label1\" content=\"Dur\u00e9e de lecture estim\u00e9e\" \/>\n\t<meta name=\"twitter:data1\" content=\"1 minute\" \/>\n<script type=\"application\/ld+json\" class=\"yoast-schema-graph\">{\"@context\":\"https:\\\/\\\/schema.org\",\"@graph\":[{\"@type\":\"WebPage\",\"@id\":\"https:\\\/\\\/www.alwahotel.com\\\/producto\\\/alwa-standard-promocion-28-julio-arequipa-ciudad-full-day-colca\\\/\",\"url\":\"https:\\\/\\\/www.alwahotel.com\\\/producto\\\/alwa-standard-promocion-28-julio-arequipa-ciudad-full-day-colca\\\/\",\"name\":\"Alwa Standard - Promoci\u00f3n 28 Julio: Arequipa Ciudad + Full day Colca - Hotel en Arequipa con la mejor vista a la campi\u00f1a. Disfruta de uno de los mejores hoteles de Arequipa Per\u00fa.\",\"isPartOf\":{\"@id\":\"https:\\\/\\\/www.alwahotel.com\\\/#website\"},\"primaryImageOfPage\":{\"@id\":\"https:\\\/\\\/www.alwahotel.com\\\/producto\\\/alwa-standard-promocion-28-julio-arequipa-ciudad-full-day-colca\\\/#primaryimage\"},\"image\":{\"@id\":\"https:\\\/\\\/www.alwahotel.com\\\/producto\\\/alwa-standard-promocion-28-julio-arequipa-ciudad-full-day-colca\\\/#primaryimage\"},\"thumbnailUrl\":\"https:\\\/\\\/www.alwahotel.com\\\/wp-content\\\/uploads\\\/2024\\\/07\\\/valle-del-colca.jpg\",\"datePublished\":\"2024-07-08T20:58:56+00:00\",\"dateModified\":\"2024-07-08T21:52:49+00:00\",\"breadcrumb\":{\"@id\":\"https:\\\/\\\/www.alwahotel.com\\\/producto\\\/alwa-standard-promocion-28-julio-arequipa-ciudad-full-day-colca\\\/#breadcrumb\"},\"inLanguage\":\"fr-FR\",\"potentialAction\":[{\"@type\":\"ReadAction\",\"target\":[\"https:\\\/\\\/www.alwahotel.com\\\/producto\\\/alwa-standard-promocion-28-julio-arequipa-ciudad-full-day-colca\\\/\"]}]},{\"@type\":\"ImageObject\",\"inLanguage\":\"fr-FR\",\"@id\":\"https:\\\/\\\/www.alwahotel.com\\\/producto\\\/alwa-standard-promocion-28-julio-arequipa-ciudad-full-day-colca\\\/#primaryimage\",\"url\":\"https:\\\/\\\/www.alwahotel.com\\\/wp-content\\\/uploads\\\/2024\\\/07\\\/valle-del-colca.jpg\",\"contentUrl\":\"https:\\\/\\\/www.alwahotel.com\\\/wp-content\\\/uploads\\\/2024\\\/07\\\/valle-del-colca.jpg\",\"width\":1920,\"height\":533},{\"@type\":\"BreadcrumbList\",\"@id\":\"https:\\\/\\\/www.alwahotel.com\\\/producto\\\/alwa-standard-promocion-28-julio-arequipa-ciudad-full-day-colca\\\/#breadcrumb\",\"itemListElement\":[{\"@type\":\"ListItem\",\"position\":1,\"name\":\"Portada\",\"item\":\"https:\\\/\\\/www.alwahotel.com\\\/en\\\/\"},{\"@type\":\"ListItem\",\"position\":2,\"name\":\"Alwa Standard &#8211; Promoci\u00f3n 28 Julio: Arequipa Ciudad + Full day Colca\"}]},{\"@type\":\"WebSite\",\"@id\":\"https:\\\/\\\/www.alwahotel.com\\\/#website\",\"url\":\"https:\\\/\\\/www.alwahotel.com\\\/\",\"name\":\"Hotel en Arequipa con la mejor vista a la campi\u00f1a. Disfruta de uno de los mejores hoteles de Arequipa Per\u00fa.\",\"description\":\"Alwa\",\"publisher\":{\"@id\":\"https:\\\/\\\/www.alwahotel.com\\\/#organization\"},\"potentialAction\":[{\"@type\":\"SearchAction\",\"target\":{\"@type\":\"EntryPoint\",\"urlTemplate\":\"https:\\\/\\\/www.alwahotel.com\\\/?s={search_term_string}\"},\"query-input\":{\"@type\":\"PropertyValueSpecification\",\"valueRequired\":true,\"valueName\":\"search_term_string\"}}],\"inLanguage\":\"fr-FR\"},{\"@type\":\"Organization\",\"@id\":\"https:\\\/\\\/www.alwahotel.com\\\/#organization\",\"name\":\"alwa hotel - hotel en Arequipa Per\u00fa\",\"url\":\"https:\\\/\\\/www.alwahotel.com\\\/\",\"logo\":{\"@type\":\"ImageObject\",\"inLanguage\":\"fr-FR\",\"@id\":\"https:\\\/\\\/www.alwahotel.com\\\/#\\\/schema\\\/logo\\\/image\\\/\",\"url\":\"https:\\\/\\\/www.alwahotel.com\\\/wp-content\\\/uploads\\\/2017\\\/11\\\/logoAlwa.jpg\",\"contentUrl\":\"https:\\\/\\\/www.alwahotel.com\\\/wp-content\\\/uploads\\\/2017\\\/11\\\/logoAlwa.jpg\",\"width\":302,\"height\":154,\"caption\":\"alwa hotel - hotel en Arequipa Per\u00fa\"},\"image\":{\"@id\":\"https:\\\/\\\/www.alwahotel.com\\\/#\\\/schema\\\/logo\\\/image\\\/\"},\"sameAs\":[\"https:\\\/\\\/www.facebook.com\\\/alwahotel\\\/\"]}]}<\/script>\n<!-- \/ Yoast SEO plugin. -->","yoast_head_json":{"title":"Alwa Standard - Promoci\u00f3n 28 Julio: Arequipa Ciudad + Full day Colca - Hotel en Arequipa con la mejor vista a la campi\u00f1a. Disfruta de uno de los mejores hoteles de Arequipa Per\u00fa.","robots":{"index":"index","follow":"follow","max-snippet":"max-snippet:-1","max-image-preview":"max-image-preview:large","max-video-preview":"max-video-preview:-1"},"canonical":"https:\/\/www.alwahotel.com\/producto\/alwa-standard-promocion-28-julio-arequipa-ciudad-full-day-colca\/","og_locale":"fr_FR","og_type":"article","og_title":"Alwa Standard - Promoci\u00f3n 28 Julio: Arequipa Ciudad + Full day Colca - Hotel en Arequipa con la mejor vista a la campi\u00f1a. Disfruta de uno de los mejores hoteles de Arequipa Per\u00fa.","og_description":"Disfruta nuestras promociones de 28 de julio!!! Alwa Standard Arequipa Ciudad + Full day Colca 04 d\u00edas \/ 03 noches Habitaci\u00f3n doble o matrimonial est\u00e1ndar","og_url":"https:\/\/www.alwahotel.com\/producto\/alwa-standard-promocion-28-julio-arequipa-ciudad-full-day-colca\/","og_site_name":"Hotel en Arequipa con la mejor vista a la campi\u00f1a. Disfruta de uno de los mejores hoteles de Arequipa Per\u00fa.","article_publisher":"https:\/\/www.facebook.com\/alwahotel\/","article_modified_time":"2024-07-08T21:52:49+00:00","og_image":[{"width":1920,"height":533,"url":"https:\/\/www.alwahotel.com\/wp-content\/uploads\/2024\/07\/valle-del-colca.jpg","type":"image\/jpeg"}],"twitter_card":"summary_large_image","twitter_misc":{"Dur\u00e9e de lecture estim\u00e9e":"1 minute"},"schema":{"@context":"https:\/\/schema.org","@graph":[{"@type":"WebPage","@id":"https:\/\/www.alwahotel.com\/producto\/alwa-standard-promocion-28-julio-arequipa-ciudad-full-day-colca\/","url":"https:\/\/www.alwahotel.com\/producto\/alwa-standard-promocion-28-julio-arequipa-ciudad-full-day-colca\/","name":"Alwa Standard - Promoci\u00f3n 28 Julio: Arequipa Ciudad + Full day Colca - Hotel en Arequipa con la mejor vista a la campi\u00f1a. Disfruta de uno de los mejores hoteles de Arequipa Per\u00fa.","isPartOf":{"@id":"https:\/\/www.alwahotel.com\/#website"},"primaryImageOfPage":{"@id":"https:\/\/www.alwahotel.com\/producto\/alwa-standard-promocion-28-julio-arequipa-ciudad-full-day-colca\/#primaryimage"},"image":{"@id":"https:\/\/www.alwahotel.com\/producto\/alwa-standard-promocion-28-julio-arequipa-ciudad-full-day-colca\/#primaryimage"},"thumbnailUrl":"https:\/\/www.alwahotel.com\/wp-content\/uploads\/2024\/07\/valle-del-colca.jpg","datePublished":"2024-07-08T20:58:56+00:00","dateModified":"2024-07-08T21:52:49+00:00","breadcrumb":{"@id":"https:\/\/www.alwahotel.com\/producto\/alwa-standard-promocion-28-julio-arequipa-ciudad-full-day-colca\/#breadcrumb"},"inLanguage":"fr-FR","potentialAction":[{"@type":"ReadAction","target":["https:\/\/www.alwahotel.com\/producto\/alwa-standard-promocion-28-julio-arequipa-ciudad-full-day-colca\/"]}]},{"@type":"ImageObject","inLanguage":"fr-FR","@id":"https:\/\/www.alwahotel.com\/producto\/alwa-standard-promocion-28-julio-arequipa-ciudad-full-day-colca\/#primaryimage","url":"https:\/\/www.alwahotel.com\/wp-content\/uploads\/2024\/07\/valle-del-colca.jpg","contentUrl":"https:\/\/www.alwahotel.com\/wp-content\/uploads\/2024\/07\/valle-del-colca.jpg","width":1920,"height":533},{"@type":"BreadcrumbList","@id":"https:\/\/www.alwahotel.com\/producto\/alwa-standard-promocion-28-julio-arequipa-ciudad-full-day-colca\/#breadcrumb","itemListElement":[{"@type":"ListItem","position":1,"name":"Portada","item":"https:\/\/www.alwahotel.com\/en\/"},{"@type":"ListItem","position":2,"name":"Alwa Standard &#8211; Promoci\u00f3n 28 Julio: Arequipa Ciudad + Full day Colca"}]},{"@type":"WebSite","@id":"https:\/\/www.alwahotel.com\/#website","url":"https:\/\/www.alwahotel.com\/","name":"Hotel en Arequipa con la mejor vista a la campi\u00f1a. Disfruta de uno de los mejores hoteles de Arequipa Per\u00fa.","description":"Alwa","publisher":{"@id":"https:\/\/www.alwahotel.com\/#organization"},"potentialAction":[{"@type":"SearchAction","target":{"@type":"EntryPoint","urlTemplate":"https:\/\/www.alwahotel.com\/?s={search_term_string}"},"query-input":{"@type":"PropertyValueSpecification","valueRequired":true,"valueName":"search_term_string"}}],"inLanguage":"fr-FR"},{"@type":"Organization","@id":"https:\/\/www.alwahotel.com\/#organization","name":"alwa hotel - hotel en Arequipa Per\u00fa","url":"https:\/\/www.alwahotel.com\/","logo":{"@type":"ImageObject","inLanguage":"fr-FR","@id":"https:\/\/www.alwahotel.com\/#\/schema\/logo\/image\/","url":"https:\/\/www.alwahotel.com\/wp-content\/uploads\/2017\/11\/logoAlwa.jpg","contentUrl":"https:\/\/www.alwahotel.com\/wp-content\/uploads\/2017\/11\/logoAlwa.jpg","width":302,"height":154,"caption":"alwa hotel - hotel en Arequipa Per\u00fa"},"image":{"@id":"https:\/\/www.alwahotel.com\/#\/schema\/logo\/image\/"},"sameAs":["https:\/\/www.facebook.com\/alwahotel\/"]}]}},"_links":{"self":[{"href":"https:\/\/www.alwahotel.com\/fr\/wp-json\/wp\/v2\/product\/11132","targetHints":{"allow":["GET"]}}],"collection":[{"href":"https:\/\/www.alwahotel.com\/fr\/wp-json\/wp\/v2\/product"}],"about":[{"href":"https:\/\/www.alwahotel.com\/fr\/wp-json\/wp\/v2\/types\/product"}],"wp:featuredmedia":[{"embeddable":true,"href":"https:\/\/www.alwahotel.com\/fr\/wp-json\/wp\/v2\/media\/11130"}],"wp:attachment":[{"href":"https:\/\/www.alwahotel.com\/fr\/wp-json\/wp\/v2\/media?parent=11132"}],"wp:term":[{"taxonomy":"product_brand","embeddable":true,"href":"https:\/\/www.alwahotel.com\/fr\/wp-json\/wp\/v2\/product_brand?post=11132"},{"taxonomy":"product_cat","embeddable":true,"href":"https:\/\/www.alwahotel.com\/fr\/wp-json\/wp\/v2\/product_cat?post=11132"},{"taxonomy":"product_tag","embeddable":true,"href":"https:\/\/www.alwahotel.com\/fr\/wp-json\/wp\/v2\/product_tag?post=11132"}],"curies":[{"name":"wp","href":"https:\/\/api.w.org\/{rel}","templated":true}]}}